{"id":6590,"date":"2023-06-23T17:52:06","date_gmt":"2023-06-23T14:52:06","guid":{"rendered":"http:\/\/192.168.1.119\/lise\/?post_type=product&#038;p=6590"},"modified":"2023-06-23T17:52:09","modified_gmt":"2023-06-23T14:52:09","slug":"10-sinif-biyoloji-soru-bankasi","status":"publish","type":"product","link":"https:\/\/erzurumacikoleji.com\/lise\/urun\/10-sinif-biyoloji-soru-bankasi\/","title":{"rendered":"10. S\u0131n\u0131f Biyoloji Soru Bankas\u0131"},"content":{"rendered":"","protected":false},"excerpt":{"rendered":"","protected":false},"featured_media":6620,"template":"","meta":[],"product_cat":[88,89],"product_tag":[],"class_list":{"0":"post-6590","1":"product","2":"type-product","3":"status-publish","4":"has-post-thumbnail","6":"product_cat-10-sinif","7":"product_cat-10-sinif-soru-bankasi","9":"first","10":"instock","11":"shipping-taxable","12":"product-type-simple"},"_links":{"self":[{"href":"https:\/\/erzurumacikoleji.com\/lise\/wp-json\/wp\/v2\/product\/6590","targetHints":{"allow":["GET"]}}],"collection":[{"href":"https:\/\/erzurumacikoleji.com\/lise\/wp-json\/wp\/v2\/product"}],"about":[{"href":"https:\/\/erzurumacikoleji.com\/lise\/wp-json\/wp\/v2\/types\/product"}],"wp:featuredmedia":[{"embeddable":true,"href":"https:\/\/erzurumacikoleji.com\/lise\/wp-json\/wp\/v2\/media\/6620"}],"wp:attachment":[{"href":"https:\/\/erzurumacikoleji.com\/lise\/wp-json\/wp\/v2\/media?parent=6590"}],"wp:term":[{"taxonomy":"product_cat","embeddable":true,"href":"https:\/\/erzurumacikoleji.com\/lise\/wp-json\/wp\/v2\/product_cat?post=6590"},{"taxonomy":"product_tag","embeddable":true,"href":"https:\/\/erzurumacikoleji.com\/lise\/wp-json\/wp\/v2\/product_tag?post=6590"}],"curies":[{"name":"wp","href":"https:\/\/api.w.org\/{rel}","templated":true}]}}