{"id":6574,"date":"2023-06-23T17:52:05","date_gmt":"2023-06-23T14:52:05","guid":{"rendered":"http:\/\/192.168.1.119\/lise\/?post_type=product&#038;p=6574"},"modified":"2023-06-23T17:52:07","modified_gmt":"2023-06-23T14:52:07","slug":"9-sinif-din-kulturu-ve-ahlak-bilgisi-konu-anlatimli-soru-bankasi","status":"publish","type":"product","link":"https:\/\/erzurumacikoleji.com\/lise\/urun\/9-sinif-din-kulturu-ve-ahlak-bilgisi-konu-anlatimli-soru-bankasi\/","title":{"rendered":"9. S\u0131n\u0131f Din k\u00fclt\u00fcr\u00fc ve Ahlak Bilgisi Konu Anlat\u0131ml\u0131 Soru Bankas\u0131"},"content":{"rendered":"","protected":false},"excerpt":{"rendered":"","protected":false},"featured_media":6604,"template":"","meta":[],"product_cat":[84,86],"product_tag":[],"class_list":{"0":"post-6574","1":"product","2":"type-product","3":"status-publish","4":"has-post-thumbnail","6":"product_cat-9-sinif","7":"product_cat-9-sinif-konu-anlatimli","9":"first","10":"instock","11":"shipping-taxable","12":"product-type-simple"},"_links":{"self":[{"href":"https:\/\/erzurumacikoleji.com\/lise\/wp-json\/wp\/v2\/product\/6574","targetHints":{"allow":["GET"]}}],"collection":[{"href":"https:\/\/erzurumacikoleji.com\/lise\/wp-json\/wp\/v2\/product"}],"about":[{"href":"https:\/\/erzurumacikoleji.com\/lise\/wp-json\/wp\/v2\/types\/product"}],"wp:featuredmedia":[{"embeddable":true,"href":"https:\/\/erzurumacikoleji.com\/lise\/wp-json\/wp\/v2\/media\/6604"}],"wp:attachment":[{"href":"https:\/\/erzurumacikoleji.com\/lise\/wp-json\/wp\/v2\/media?parent=6574"}],"wp:term":[{"taxonomy":"product_cat","embeddable":true,"href":"https:\/\/erzurumacikoleji.com\/lise\/wp-json\/wp\/v2\/product_cat?post=6574"},{"taxonomy":"product_tag","embeddable":true,"href":"https:\/\/erzurumacikoleji.com\/lise\/wp-json\/wp\/v2\/product_tag?post=6574"}],"curies":[{"name":"wp","href":"https:\/\/api.w.org\/{rel}","templated":true}]}}